{"id":26,"date":"2023-09-23T16:30:40","date_gmt":"2023-09-23T16:30:40","guid":{"rendered":"https:\/\/shop.mediumderneuenzeit.ch\/?post_type=product&#038;p=26"},"modified":"2023-09-23T16:35:14","modified_gmt":"2023-09-23T16:35:14","slug":"lavendelol-10-ml","status":"publish","type":"product","link":"https:\/\/shop.mediumderneuenzeit.ch\/index.php\/product\/lavendelol-10-ml\/","title":{"rendered":"Lavendel\u00f6l &#8211; 10 ml"},"content":{"rendered":"<p>Marke: Ancient Wisdom<br \/>\n\u00c4therisches Lavendel\u00f6l wird schon seit Jahrhunderten, wegen seines sch\u00f6nen Aromas und unz\u00e4hligen positiven Wirkungen auf den menschlichen K\u00f6rper verwendet. In der Antike wurde es von den alten \u00c4gypter und alten R\u00f6mer zum waschen, baden, kochen und f\u00fcr parf\u00fcmieren verwendet. Die alten \u00c4gypter benutzten das Lavendel\u00f6l sogar beim einbalsamieren von Verstorbenen. Im Grabe des bekanntesten Pharao Tut Anch Amun fand man sogar eine \u00fcber 3000 Jahre alte Salbe, die immer noch den Duft von Lavendel verstr\u00f6mte.<\/p>\n<p>Bei der \u00e4u\u00dferlichen Anwendung wird es meistens gegen Haut -Imperfektionen angewandt. Geben Sie ein paar Tropfen des \u00d6ls ins Bad um den Stress zu lindern, oder massieren Sie sanft die Schl\u00e4fe und den R\u00fccken um zu entspannen. Ein paar Tropfen auf das Kissen, oder Bettw\u00e4sche, verhelfen wiederum zu ruhigem Schlaf. Der echte Lavendel unterst\u00fctzt die Heilung von Verbrennungen, Prellungen und Insektenstichen. Lavendel\u00f6l beruhigt den Menschen bei Schlafst\u00f6rungen, \u00c4ngsten, Inneren Unruhe und stellt das innere Gleichgewicht wieder her. Wegen den vielen positiven Eigenschaften des Lavendel\u00f6ls, wird das \u00d6l als ein Muss angesehen und sollte definitiv nicht in Ihrer \u00d6l-Sammlung fehlen.<\/p>\n<p>Anwendung<br \/>\nHaben Sie immer ein Fl\u00e4schchen des Lavendel\u00f6ls zur Hand um Entz\u00fcndungen auf der Haut zu lindern. F\u00fcr erholsamen Schlaf, tropfen Sie ein paar Tropfen auch Ihr Kissen, oder Bettw\u00e4sche. Verleihen Sie Ihrem W\u00e4scheschrank, Auto oder Matratze einen frischen Duft mit ein paar Lavendel\u00f6l Tropfen und Wasser im Spray.<\/p>\n<p>Anwendungshinweis:<br \/>\nVerstreuung: Drei oder vier Tropfen in Ihren Lieblings Aroma-Diffusor reintropfen.<\/p>\n<p>Achtung:<\/p>\n<p>Kann zu Irritation der Haut f\u00fchren. Au\u00dfer Reichweite von Kindern aufbewahren. Bei Schwangerschaft, Stillen oder \u00e4rztlichen Behandlung fragen Sie Ihren Arzt oder Apotheker. Vermeiden Sie Kontakt mit dem Augen, Innenohr oder empfindlichen stellen.<\/p>\n","protected":false},"excerpt":{"rendered":"<div class=\"product-details__product-attributes\">\n<div class=\"details-product-attribute\"><span class=\"details-product-attribute__title\">Marke:\u00a0<\/span><span class=\"details-product-attribute__value\">Ancient Wisdom <\/span>\u00c4therisches Lavendel\u00f6l wird schon seit Jahrhunderten, wegen seines sch\u00f6nen Aromas und unz\u00e4hligen positiven Wirkungen auf den menschlichen K\u00f6rper verwendet.<\/div>\n<\/div>\n","protected":false},"featured_media":27,"comment_status":"open","ping_status":"closed","template":"","meta":{"inline_featured_image":false},"product_cat":[18],"product_tag":[19],"class_list":["post-26","product","type-product","status-publish","has-post-thumbnail","hentry","product_cat-ancient-wisdom-atherische-ole-10-ml","product_tag-lavendelol"],"_links":{"self":[{"href":"https:\/\/shop.mediumderneuenzeit.ch\/index.php\/wp-json\/wp\/v2\/product\/26","targetHints":{"allow":["GET"]}}],"collection":[{"href":"https:\/\/shop.mediumderneuenzeit.ch\/index.php\/wp-json\/wp\/v2\/product"}],"about":[{"href":"https:\/\/shop.mediumderneuenzeit.ch\/index.php\/wp-json\/wp\/v2\/types\/product"}],"replies":[{"embeddable":true,"href":"https:\/\/shop.mediumderneuenzeit.ch\/index.php\/wp-json\/wp\/v2\/comments?post=26"}],"wp:featuredmedia":[{"embeddable":true,"href":"https:\/\/shop.mediumderneuenzeit.ch\/index.php\/wp-json\/wp\/v2\/media\/27"}],"wp:attachment":[{"href":"https:\/\/shop.mediumderneuenzeit.ch\/index.php\/wp-json\/wp\/v2\/media?parent=26"}],"wp:term":[{"taxonomy":"product_cat","embeddable":true,"href":"https:\/\/shop.mediumderneuenzeit.ch\/index.php\/wp-json\/wp\/v2\/product_cat?post=26"},{"taxonomy":"product_tag","embeddable":true,"href":"https:\/\/shop.mediumderneuenzeit.ch\/index.php\/wp-json\/wp\/v2\/product_tag?post=26"}],"curies":[{"name":"wp","href":"https:\/\/api.w.org\/{rel}","templated":true}]}}